{"id":4015,"date":"2025-01-02T14:00:36","date_gmt":"2025-01-02T13:00:36","guid":{"rendered":"https:\/\/career-advisors.ch\/news\/"},"modified":"2025-08-24T00:14:21","modified_gmt":"2025-08-23T22:14:21","slug":"news","status":"publish","type":"page","link":"https:\/\/career-advisors.ch\/en\/news\/","title":{"rendered":"News"},"content":{"rendered":"\t\t<div data-elementor-type=\"wp-page\" data-elementor-id=\"4015\" class=\"elementor elementor-4015 elementor-4001\" data-elementor-post-type=\"page\">\n\t\t\t\t<div class=\"elementor-element elementor-element-8818f92 e-flex e-con-boxed e-con e-parent\" data-id=\"8818f92\" data-element_type=\"container\">\n\t\t\t\t\t<div class=\"e-con-inner\">\n\t\t\t\t<div class=\"elementor-element elementor-element-64a8f2a elementor-invisible elementor-widget elementor-widget-heading\" data-id=\"64a8f2a\" data-element_type=\"widget\" data-settings=\"{&quot;_animation&quot;:&quot;fadeIn&quot;}\" data-widget_type=\"heading.default\">\n\t\t\t\t<div class=\"elementor-widget-container\">\n\t\t\t\t\t<h1 class=\"elementor-heading-title elementor-size-default\">News<\/h1>\t\t\t\t<\/div>\n\t\t\t\t<\/div>\n\t\t\t\t\t<\/div>\n\t\t\t\t<\/div>\n\t\t<div class=\"elementor-element elementor-element-8a24b08 e-flex e-con-boxed e-con e-parent\" data-id=\"8a24b08\" data-element_type=\"container\" data-settings=\"{&quot;shape_divider_bottom&quot;:&quot;waves&quot;,&quot;background_background&quot;:&quot;classic&quot;,&quot;shape_divider_top&quot;:&quot;waves&quot;}\">\n\t\t\t\t\t<div class=\"e-con-inner\">\n\t\t\t\t<div class=\"elementor-shape elementor-shape-top\" data-negative=\"false\">\n\t\t\t<svg xmlns=\"http:\/\/www.w3.org\/2000\/svg\" viewBox=\"0 0 1000 100\" preserveAspectRatio=\"none\">\n\t<path class=\"elementor-shape-fill\" d=\"M421.9,6.5c22.6-2.5,51.5,0.4,75.5,5.3c23.6,4.9,70.9,23.5,100.5,35.7c75.8,32.2,133.7,44.5,192.6,49.7\n\tc23.6,2.1,48.7,3.5,103.4-2.5c54.7-6,106.2-25.6,106.2-25.6V0H0v30.3c0,0,72,32.6,158.4,30.5c39.2-0.7,92.8-6.7,134-22.4\n\tc21.2-8.1,52.2-18.2,79.7-24.2C399.3,7.9,411.6,7.5,421.9,6.5z\"\/>\n<\/svg>\t\t<\/div>\n\t\t\t\t<div class=\"elementor-shape elementor-shape-bottom\" data-negative=\"false\">\n\t\t\t<svg xmlns=\"http:\/\/www.w3.org\/2000\/svg\" viewBox=\"0 0 1000 100\" preserveAspectRatio=\"none\">\n\t<path class=\"elementor-shape-fill\" d=\"M421.9,6.5c22.6-2.5,51.5,0.4,75.5,5.3c23.6,4.9,70.9,23.5,100.5,35.7c75.8,32.2,133.7,44.5,192.6,49.7\n\tc23.6,2.1,48.7,3.5,103.4-2.5c54.7-6,106.2-25.6,106.2-25.6V0H0v30.3c0,0,72,32.6,158.4,30.5c39.2-0.7,92.8-6.7,134-22.4\n\tc21.2-8.1,52.2-18.2,79.7-24.2C399.3,7.9,411.6,7.5,421.9,6.5z\"\/>\n<\/svg>\t\t<\/div>\n\t\t\t\t<div class=\"elementor-element elementor-element-a3b9725 elementor-widget elementor-widget-heading\" data-id=\"a3b9725\" data-element_type=\"widget\" data-widget_type=\"heading.default\">\n\t\t\t\t<div class=\"elementor-widget-container\">\n\t\t\t\t\t<h2 class=\"elementor-heading-title elementor-size-default\">In the press<\/h2>\t\t\t\t<\/div>\n\t\t\t\t<\/div>\n\t\t\t\t<div class=\"elementor-element elementor-element-effc236 elementor-grid-4 elementor-grid-tablet-2 elementor-grid-mobile-1 elementor-posts--thumbnail-top elementor-card-shadow-yes elementor-posts__hover-gradient elementor-widget elementor-widget-posts\" data-id=\"effc236\" data-element_type=\"widget\" data-settings=\"{&quot;cards_columns&quot;:&quot;4&quot;,&quot;cards_columns_tablet&quot;:&quot;2&quot;,&quot;cards_columns_mobile&quot;:&quot;1&quot;,&quot;cards_row_gap&quot;:{&quot;unit&quot;:&quot;px&quot;,&quot;size&quot;:35,&quot;sizes&quot;:[]},&quot;cards_row_gap_tablet&quot;:{&quot;unit&quot;:&quot;px&quot;,&quot;size&quot;:&quot;&quot;,&quot;sizes&quot;:[]},&quot;cards_row_gap_mobile&quot;:{&quot;unit&quot;:&quot;px&quot;,&quot;size&quot;:&quot;&quot;,&quot;sizes&quot;:[]}}\" data-widget_type=\"posts.cards\">\n\t\t\t\t<div class=\"elementor-widget-container\">\n\t\t\t\t\t\t\t<div class=\"elementor-posts-container elementor-posts elementor-posts--skin-cards elementor-grid\">\n\t\t\t\t<article class=\"elementor-post elementor-grid-item post-4660 post type-post status-publish format-standard has-post-thumbnail hentry category-non-classifiee\">\n\t\t\t<div class=\"elementor-post__card\">\n\t\t\t\t<a class=\"elementor-post__thumbnail__link\" href=\"https:\/\/publuu.com\/flip-book\/229837\/2083511\/page\/40\" tabindex=\"-1\" target=\"_blank\"><div class=\"elementor-post__thumbnail\"><img fetchpriority=\"high\" decoding=\"async\" width=\"466\" height=\"197\" src=\"https:\/\/career-advisors.ch\/wp-content\/uploads\/2025\/08\/Capture-decran-2025-08-24-000530-1.png\" class=\"attachment-medium_large size-medium_large wp-image-4682\" alt=\"\" srcset=\"https:\/\/career-advisors.ch\/wp-content\/uploads\/2025\/08\/Capture-decran-2025-08-24-000530-1.png 466w, https:\/\/career-advisors.ch\/wp-content\/uploads\/2025\/08\/Capture-decran-2025-08-24-000530-1-300x127.png 300w\" sizes=\"(max-width: 466px) 100vw, 466px\" \/><\/div><\/a>\n\t\t\t\t<div class=\"elementor-post__text\">\n\t\t\t\t<h5 class=\"elementor-post__title\">\n\t\t\t<a href=\"https:\/\/publuu.com\/flip-book\/229837\/2083511\/page\/40\" target=&quot;_blank&quot;>\n\t\t\t\tHow an Executive Private Banker Moved From Overwhelmed to an Energized Team Leader in 30 Days &#8211; Impact Magazine Vol. 14\t\t\t<\/a>\n\t\t<\/h5>\n\t\t\t\t<div class=\"elementor-post__excerpt\">\n\t\t\t<p>In this article, Carla Pereira shares the personal and professional transformation of Sarah, a high-performing private banker, to illustrate how tailored coaching and practical leadership tools can help even the most experienced leaders overcome burnout, empower their teams, and restore work-life balance.<\/p>\n\t\t<\/div>\n\t\t\t\t\t<div class=\"elementor-post__read-more-wrapper\">\n\t\t\n\t\t<a class=\"elementor-post__read-more\" href=\"https:\/\/publuu.com\/flip-book\/229837\/2083511\/page\/40\" aria-label=\"Read more about How an Executive Private Banker Moved From Overwhelmed to an Energized Team Leader in 30 Days &#8211; Impact Magazine Vol. 14\" tabindex=\"-1\" target=\"_blank\">\n\t\t\tRead more\t\t<\/a>\n\n\t\t\t\t\t<\/div>\n\t\t\t\t<\/div>\n\t\t\t\t\t<\/div>\n\t\t<\/article>\n\t\t\t\t<article class=\"elementor-post elementor-grid-item post-4609 post type-post status-publish format-standard has-post-thumbnail hentry category-non-classifiee\">\n\t\t\t<div class=\"elementor-post__card\">\n\t\t\t\t<a class=\"elementor-post__thumbnail__link\" href=\"https:\/\/www.youtube.com\/watch?v=f1YqCRbUIag\" tabindex=\"-1\" target=\"_blank\"><div class=\"elementor-post__thumbnail\"><img decoding=\"async\" width=\"768\" height=\"366\" src=\"https:\/\/career-advisors.ch\/wp-content\/uploads\/2025\/04\/women-1-e1745489691937-768x366.png\" class=\"attachment-medium_large size-medium_large wp-image-4607\" alt=\"\" srcset=\"https:\/\/career-advisors.ch\/wp-content\/uploads\/2025\/04\/women-1-e1745489691937-768x366.png 768w, https:\/\/career-advisors.ch\/wp-content\/uploads\/2025\/04\/women-1-e1745489691937-300x143.png 300w, https:\/\/career-advisors.ch\/wp-content\/uploads\/2025\/04\/women-1-e1745489691937-1024x488.png 1024w, https:\/\/career-advisors.ch\/wp-content\/uploads\/2025\/04\/women-1-e1745489691937.png 1092w\" sizes=\"(max-width: 768px) 100vw, 768px\" \/><\/div><\/a>\n\t\t\t\t<div class=\"elementor-post__text\">\n\t\t\t\t<h5 class=\"elementor-post__title\">\n\t\t\t<a href=\"https:\/\/www.youtube.com\/watch?v=f1YqCRbUIag\" target=&quot;_blank&quot;>\n\t\t\t\tHow Fear Impacts Workplace Behavior \u2014 And What You Can Do to Fix It\t\t\t<\/a>\n\t\t<\/h5>\n\t\t\t\t<div class=\"elementor-post__excerpt\">\n\t\t\t<p>Fear often drives negative workplace behaviors like micromanagement and resistance to change, undermining team performance. At the heart of my work is helping leaders recognize these fear-based patterns and respond with empathy and clarity. By promoting emotional safety and positive feedback, I empower teams to build stronger, more collaborative relationships.\t\t<\/div>\n\t\t\t\t\t<div class=\"elementor-post__read-more-wrapper\">\n\t\t\n\t\t<a class=\"elementor-post__read-more\" href=\"https:\/\/www.youtube.com\/watch?v=f1YqCRbUIag\" aria-label=\"Read more about How Fear Impacts Workplace Behavior \u2014 And What You Can Do to Fix It\" tabindex=\"-1\" target=\"_blank\">\n\t\t\tRead more\t\t<\/a>\n\n\t\t\t\t\t<\/div>\n\t\t\t\t<\/div>\n\t\t\t\t\t<\/div>\n\t\t<\/article>\n\t\t\t\t<article class=\"elementor-post elementor-grid-item post-4472 post type-post status-publish format-standard has-post-thumbnail hentry category-global-woman-magazine\">\n\t\t\t<div class=\"elementor-post__card\">\n\t\t\t\t<a class=\"elementor-post__thumbnail__link\" href=\"https:\/\/globalwomanmagazine.com\/carla-pereira\/\" tabindex=\"-1\" target=\"_blank\"><div class=\"elementor-post__thumbnail\"><img decoding=\"async\" width=\"768\" height=\"455\" src=\"https:\/\/career-advisors.ch\/wp-content\/uploads\/2025\/03\/Capture-decran-2025-08-24-001235-768x455.png\" class=\"attachment-medium_large size-medium_large wp-image-4685\" alt=\"\" srcset=\"https:\/\/career-advisors.ch\/wp-content\/uploads\/2025\/03\/Capture-decran-2025-08-24-001235-768x455.png 768w, https:\/\/career-advisors.ch\/wp-content\/uploads\/2025\/03\/Capture-decran-2025-08-24-001235-300x178.png 300w, https:\/\/career-advisors.ch\/wp-content\/uploads\/2025\/03\/Capture-decran-2025-08-24-001235.png 815w\" sizes=\"(max-width: 768px) 100vw, 768px\" \/><\/div><\/a>\n\t\t\t\t<div class=\"elementor-post__text\">\n\t\t\t\t<h5 class=\"elementor-post__title\">\n\t\t\t<a href=\"https:\/\/globalwomanmagazine.com\/carla-pereira\/\" target=&quot;_blank&quot;>\n\t\t\t\tCarla Pereira: Sharing Her Vision as a Human Management Expert\t\t\t<\/a>\n\t\t<\/h5>\n\t\t\t\t<div class=\"elementor-post__excerpt\">\n\t\t\t<p>From a childhood shaped by resilience to becoming a trailblazer in HR and leadership, Carla Pereira\u2019s journey is one of determination, passion, and impact. Born in Portugal and raised between two worlds, she overcame early challenges to build a thriving career in recruitment, coaching, and leadership development. Now known as\t\t<\/div>\n\t\t\t\t\t<div class=\"elementor-post__read-more-wrapper\">\n\t\t\n\t\t<a class=\"elementor-post__read-more\" href=\"https:\/\/globalwomanmagazine.com\/carla-pereira\/\" aria-label=\"Read more about Carla Pereira: Sharing Her Vision as a Human Management Expert\" tabindex=\"-1\" target=\"_blank\">\n\t\t\tRead more\t\t<\/a>\n\n\t\t\t\t\t<\/div>\n\t\t\t\t<\/div>\n\t\t\t\t\t<\/div>\n\t\t<\/article>\n\t\t\t\t<article class=\"elementor-post elementor-grid-item post-4258 post type-post status-publish format-standard has-post-thumbnail hentry category-non-classifiee tag-hr-today-en\">\n\t\t\t<div class=\"elementor-post__card\">\n\t\t\t\t<a class=\"elementor-post__thumbnail__link\" href=\"https:\/\/career-advisors.ch\/en\/les-entreprises-romandes-utilisent-peu-le-coaching-pour-developper-leurs-talents\/\" tabindex=\"-1\" target=\"_blank\"><div class=\"elementor-post__thumbnail\"><img loading=\"lazy\" decoding=\"async\" width=\"660\" height=\"480\" src=\"https:\/\/career-advisors.ch\/wp-content\/uploads\/2024\/12\/ashley-batz-betmVWGYcLY-unsplash.jpg\" class=\"attachment-medium_large size-medium_large wp-image-3986\" alt=\"\" srcset=\"https:\/\/career-advisors.ch\/wp-content\/uploads\/2024\/12\/ashley-batz-betmVWGYcLY-unsplash.jpg 660w, https:\/\/career-advisors.ch\/wp-content\/uploads\/2024\/12\/ashley-batz-betmVWGYcLY-unsplash-300x218.jpg 300w\" sizes=\"(max-width: 660px) 100vw, 660px\" \/><\/div><\/a>\n\t\t\t\t<div class=\"elementor-post__text\">\n\t\t\t\t<h5 class=\"elementor-post__title\">\n\t\t\t<a href=\"https:\/\/career-advisors.ch\/en\/les-entreprises-romandes-utilisent-peu-le-coaching-pour-developper-leurs-talents\/\" target=&quot;_blank&quot;>\n\t\t\t\tLes entreprises romandes utilisent peu le coaching pour d\u00e9velopper leurs talents\t\t\t<\/a>\n\t\t<\/h5>\n\t\t\t\t<div class=\"elementor-post__excerpt\">\n\t\t\t<p>Carla Pereira a r\u00e9alis\u00e9 un \u00e9tat des lieux du coaching en Suisse romande. Elle revient sur les principaux enseignements de son enqu\u00eate. <\/p>\t\t<\/div>\n\t\t\t\t\t<div class=\"elementor-post__read-more-wrapper\">\n\t\t\n\t\t<a class=\"elementor-post__read-more\" href=\"https:\/\/career-advisors.ch\/en\/les-entreprises-romandes-utilisent-peu-le-coaching-pour-developper-leurs-talents\/\" aria-label=\"Read more about Les entreprises romandes utilisent peu le coaching pour d\u00e9velopper leurs talents\" tabindex=\"-1\" target=\"_blank\">\n\t\t\tRead more\t\t<\/a>\n\n\t\t\t\t\t<\/div>\n\t\t\t\t<\/div>\n\t\t\t\t\t<\/div>\n\t\t<\/article>\n\t\t\t\t<\/div>\n\t\t\n\t\t\t\t\t\t<\/div>\n\t\t\t\t<\/div>\n\t\t\t\t\t<\/div>\n\t\t\t\t<\/div>\n\t\t<div class=\"elementor-element elementor-element-607a444 e-flex e-con-boxed e-con e-parent\" data-id=\"607a444\" data-element_type=\"container\" data-settings=\"{&quot;background_background&quot;:&quot;classic&quot;}\">\n\t\t\t\t\t<div class=\"e-con-inner\">\n\t\t\t\t<div class=\"elementor-element elementor-element-55dd771 elementor-widget-mobile__width-initial elementor-widget elementor-widget-html\" data-id=\"55dd771\" data-element_type=\"widget\" data-widget_type=\"html.default\">\n\t\t\t\t<div class=\"elementor-widget-container\">\n\t\t\t\t\t<div class=\"sk-ww-linkedin-profile-post\" data-embed-id=\"25502038\"><\/div><script src=\"https:\/\/widgets.sociablekit.com\/linkedin-profile-posts\/widget.js\" defer><\/script>\t\t\t\t<\/div>\n\t\t\t\t<\/div>\n\t\t\t\t\t<\/div>\n\t\t\t\t<\/div>\n\t\t\t\t<\/div>\n\t\t","protected":false},"excerpt":{"rendered":"<p>News In the press<\/p>\n","protected":false},"author":3,"featured_media":0,"parent":0,"menu_order":0,"comment_status":"closed","ping_status":"closed","template":"","meta":{"footnotes":"","_links_to":"","_links_to_target":""},"class_list":["post-4015","page","type-page","status-publish","hentry"],"_links":{"self":[{"href":"https:\/\/career-advisors.ch\/en\/wp-json\/wp\/v2\/pages\/4015","targetHints":{"allow":["GET"]}}],"collection":[{"href":"https:\/\/career-advisors.ch\/en\/wp-json\/wp\/v2\/pages"}],"about":[{"href":"https:\/\/career-advisors.ch\/en\/wp-json\/wp\/v2\/types\/page"}],"author":[{"embeddable":true,"href":"https:\/\/career-advisors.ch\/en\/wp-json\/wp\/v2\/users\/3"}],"replies":[{"embeddable":true,"href":"https:\/\/career-advisors.ch\/en\/wp-json\/wp\/v2\/comments?post=4015"}],"version-history":[{"count":17,"href":"https:\/\/career-advisors.ch\/en\/wp-json\/wp\/v2\/pages\/4015\/revisions"}],"predecessor-version":[{"id":4691,"href":"https:\/\/career-advisors.ch\/en\/wp-json\/wp\/v2\/pages\/4015\/revisions\/4691"}],"wp:attachment":[{"href":"https:\/\/career-advisors.ch\/en\/wp-json\/wp\/v2\/media?parent=4015"}],"curies":[{"name":"wp","href":"https:\/\/api.w.org\/{rel}","templated":true}]}}